{"id":486,"date":"2021-05-26T18:10:30","date_gmt":"2021-05-26T16:10:30","guid":{"rendered":"https:\/\/www.hdio.hr\/?page_id=486"},"modified":"2026-01-21T10:16:03","modified_gmt":"2026-01-21T08:16:03","slug":"members-list","status":"publish","type":"page","link":"https:\/\/www.hdio.hr\/en\/members\/members-list\/","title":{"rendered":"Members list"},"content":{"rendered":"<p><strong>Active members of CSEE in 2026:<\/strong><\/p>\n<p>&nbsp;<\/p>\n<table width=\"605\">\n<tbody>\n<tr>\n<td width=\"47\">001<\/td>\n<td width=\"284\">Simona \u0160triga<\/td>\n<td width=\"274\"><\/td>\n<\/tr>\n<tr>\n<td width=\"47\">002<\/td>\n<td width=\"284\">Nenad Petrovi\u0107<\/td>\n<td width=\"274\"><\/td>\n<\/tr>\n<tr>\n<td width=\"47\">003<\/td>\n<td width=\"284\">Dario \u010colja<\/td>\n<td width=\"274\"><\/td>\n<\/tr>\n<tr>\n<td width=\"47\">004<\/td>\n<td width=\"284\">Valentina Ga\u0161pari\u0107<\/td>\n<td width=\"274\"><\/td>\n<\/tr>\n<tr>\n<td width=\"47\">005<\/td>\n<td width=\"284\">Katarina Ponjavi\u0107<\/td>\n<td width=\"274\"><\/td>\n<\/tr>\n<tr>\n<td width=\"47\">006<\/td>\n<td width=\"284\">Marija Ba\u0161i\u0107<\/td>\n<td width=\"274\"><\/td>\n<\/tr>\n<tr>\n<td width=\"47\">007<\/td>\n<td width=\"284\">Tena Barana\u0161i\u0107<\/td>\n<td width=\"274\"><\/td>\n<\/tr>\n<tr>\n<td width=\"47\">008<\/td>\n<td width=\"284\">Anita Novak<\/td>\n<td width=\"274\"><\/td>\n<\/tr>\n<tr>\n<td width=\"47\">009<\/td>\n<td width=\"284\">Valentina Kra\u0161<\/td>\n<td width=\"274\"><\/td>\n<\/tr>\n<tr>\n<td width=\"47\">010<\/td>\n<td width=\"284\">Dorotea Vr\u010dek<\/td>\n<td width=\"274\"><\/td>\n<\/tr>\n<tr>\n<td width=\"47\">011<\/td>\n<td width=\"284\">Goran Sabol<\/td>\n<td width=\"274\"><\/td>\n<\/tr>\n<tr>\n<td width=\"47\">012<\/td>\n<td width=\"284\">Ivana Mlinari\u0107 Mesari\u0107<\/td>\n<td width=\"274\"><\/td>\n<\/tr>\n<tr>\n<td width=\"47\">013<\/td>\n<td width=\"284\">Lucija Plantak<\/td>\n<td width=\"274\"><\/td>\n<\/tr>\n<tr>\n<td width=\"47\">014<\/td>\n<td width=\"284\">Marija Somogji Lon\u010dari\u0107<\/td>\n<td width=\"274\"><\/td>\n<\/tr>\n<tr>\n<td width=\"47\">015<\/td>\n<td width=\"284\">Doris Kralji\u0107<\/td>\n<td width=\"274\"><\/td>\n<\/tr>\n<tr>\n<td width=\"47\">016<\/td>\n<td width=\"284\">Brigita Plander<\/td>\n<td width=\"274\"><\/td>\n<\/tr>\n<tr>\n<td width=\"47\">017<\/td>\n<td width=\"284\">Lucija Radeti\u0107<\/td>\n<td width=\"274\"><\/td>\n<\/tr>\n<\/tbody>\n<\/table>\n<p>&nbsp;<\/p>\n<p>&nbsp;<\/p>\n","protected":false},"excerpt":{"rendered":"<p>Active members of CSEE in 2026: &nbsp; 001 Simona \u0160triga 002 Nenad Petrovi\u0107 003 Dario \u010colja 004 Valentina Ga\u0161pari\u0107 005 Katarina Ponjavi\u0107 006 Marija Ba\u0161i\u0107 007 Tena Barana\u0161i\u0107 008 Anita &#8230;<\/p>\n","protected":false},"author":5,"featured_media":0,"parent":423,"menu_order":0,"comment_status":"closed","ping_status":"closed","template":"","meta":{"_acf_changed":false,"footnotes":""},"class_list":["post-486","page","type-page","status-publish","hentry"],"acf":[],"_links":{"self":[{"href":"https:\/\/www.hdio.hr\/en\/wp-json\/wp\/v2\/pages\/486","targetHints":{"allow":["GET"]}}],"collection":[{"href":"https:\/\/www.hdio.hr\/en\/wp-json\/wp\/v2\/pages"}],"about":[{"href":"https:\/\/www.hdio.hr\/en\/wp-json\/wp\/v2\/types\/page"}],"author":[{"embeddable":true,"href":"https:\/\/www.hdio.hr\/en\/wp-json\/wp\/v2\/users\/5"}],"replies":[{"embeddable":true,"href":"https:\/\/www.hdio.hr\/en\/wp-json\/wp\/v2\/comments?post=486"}],"version-history":[{"count":28,"href":"https:\/\/www.hdio.hr\/en\/wp-json\/wp\/v2\/pages\/486\/revisions"}],"predecessor-version":[{"id":2005,"href":"https:\/\/www.hdio.hr\/en\/wp-json\/wp\/v2\/pages\/486\/revisions\/2005"}],"up":[{"embeddable":true,"href":"https:\/\/www.hdio.hr\/en\/wp-json\/wp\/v2\/pages\/423"}],"wp:attachment":[{"href":"https:\/\/www.hdio.hr\/en\/wp-json\/wp\/v2\/media?parent=486"}],"curies":[{"name":"wp","href":"https:\/\/api.w.org\/{rel}","templated":true}]}}