{"id":421,"date":"2021-05-19T13:19:14","date_gmt":"2021-05-19T11:19:14","guid":{"rendered":"https:\/\/www.hdio.hr\/?page_id=421"},"modified":"2024-03-25T12:10:18","modified_gmt":"2024-03-25T10:10:18","slug":"bodies","status":"publish","type":"page","link":"https:\/\/www.hdio.hr\/en\/about-us\/bodies\/","title":{"rendered":"Bodies"},"content":{"rendered":"<p><strong>CSEE Presidency in the 2024-2028 period:<\/strong><\/p>\n<table width=\"605\">\n<tbody>\n<tr>\n<td width=\"47\">1.<\/td>\n<td width=\"284\">Nenad Petrovi\u0107<\/td>\n<td width=\"274\">President<\/td>\n<\/tr>\n<tr>\n<td width=\"47\">2.<\/td>\n<td width=\"284\">Anita Novak<\/td>\n<td width=\"274\">Vice President<\/td>\n<\/tr>\n<tr>\n<td width=\"47\">3.<\/td>\n<td width=\"284\">Valentina Stan\u010din<\/td>\n<td width=\"274\">Secretary<\/td>\n<\/tr>\n<tr>\n<td width=\"47\">4.<\/td>\n<td width=\"284\">Simona \u0160triga<\/td>\n<td width=\"274\">Member<\/td>\n<\/tr>\n<tr>\n<td width=\"47\">5.<\/td>\n<td width=\"284\">Doris Kralji\u0107<\/td>\n<td width=\"274\">Member<\/td>\n<\/tr>\n<\/tbody>\n<\/table>\n<p>The persons authorized to represent CSEE are the President and Vice President.<\/p>\n<p>&nbsp;<\/p>\n<p>&nbsp;<\/p>\n<p><strong>CSEE Presidency in the 2020-2024 period:<\/strong><\/p>\n<table width=\"605\">\n<tbody>\n<tr>\n<td width=\"47\">1.<\/td>\n<td width=\"284\">Simona \u0160triga<\/td>\n<td width=\"274\">President<\/td>\n<\/tr>\n<tr>\n<td width=\"47\">2.<\/td>\n<td width=\"284\">Nenad Petrovi\u0107<\/td>\n<td width=\"274\">Vice President<\/td>\n<\/tr>\n<tr>\n<td width=\"47\">3.<\/td>\n<td width=\"284\">Dario \u010colja<\/td>\n<td width=\"274\">Secretary<\/td>\n<\/tr>\n<tr>\n<td width=\"47\">4.<\/td>\n<td width=\"284\">Valentina Stan\u010din<\/td>\n<td width=\"274\">Member<\/td>\n<\/tr>\n<tr>\n<td width=\"47\">5.<\/td>\n<td width=\"284\">Katarina Pavlovi\u0107<\/td>\n<td width=\"274\">Member<\/td>\n<\/tr>\n<\/tbody>\n<\/table>\n","protected":false},"excerpt":{"rendered":"<p>CSEE Presidency in the 2024-2028 period: 1. Nenad Petrovi\u0107 President 2. Anita Novak Vice President 3. Valentina Stan\u010din Secretary 4. Simona \u0160triga Member 5. Doris Kralji\u0107 Member The persons authorized &#8230;<\/p>\n","protected":false},"author":1,"featured_media":0,"parent":413,"menu_order":0,"comment_status":"closed","ping_status":"closed","template":"","meta":{"_acf_changed":false,"footnotes":""},"class_list":["post-421","page","type-page","status-publish","hentry"],"acf":[],"_links":{"self":[{"href":"https:\/\/www.hdio.hr\/en\/wp-json\/wp\/v2\/pages\/421","targetHints":{"allow":["GET"]}}],"collection":[{"href":"https:\/\/www.hdio.hr\/en\/wp-json\/wp\/v2\/pages"}],"about":[{"href":"https:\/\/www.hdio.hr\/en\/wp-json\/wp\/v2\/types\/page"}],"author":[{"embeddable":true,"href":"https:\/\/www.hdio.hr\/en\/wp-json\/wp\/v2\/users\/1"}],"replies":[{"embeddable":true,"href":"https:\/\/www.hdio.hr\/en\/wp-json\/wp\/v2\/comments?post=421"}],"version-history":[{"count":3,"href":"https:\/\/www.hdio.hr\/en\/wp-json\/wp\/v2\/pages\/421\/revisions"}],"predecessor-version":[{"id":1102,"href":"https:\/\/www.hdio.hr\/en\/wp-json\/wp\/v2\/pages\/421\/revisions\/1102"}],"up":[{"embeddable":true,"href":"https:\/\/www.hdio.hr\/en\/wp-json\/wp\/v2\/pages\/413"}],"wp:attachment":[{"href":"https:\/\/www.hdio.hr\/en\/wp-json\/wp\/v2\/media?parent=421"}],"curies":[{"name":"wp","href":"https:\/\/api.w.org\/{rel}","templated":true}]}}