{"id":1233,"date":"2025-04-29T20:14:14","date_gmt":"2025-04-29T18:14:14","guid":{"rendered":"https:\/\/www.hdio.hr\/?page_id=1233"},"modified":"2026-03-21T19:28:36","modified_gmt":"2026-03-21T17:28:36","slug":"step-for-stem","status":"publish","type":"page","link":"https:\/\/www.hdio.hr\/en\/step-for-stem\/","title":{"rendered":"STEP for STEM"},"content":{"rendered":"<h3><img loading=\"lazy\" decoding=\"async\" class=\" wp-image-1321 aligncenter\" src=\"https:\/\/www.hdio.hr\/wp-content\/uploads\/2025\/06\/Logo-770x381.png\" alt=\"\" width=\"321\" height=\"159\" srcset=\"https:\/\/www.hdio.hr\/wp-content\/uploads\/2025\/06\/Logo-770x381.png 770w, https:\/\/www.hdio.hr\/wp-content\/uploads\/2025\/06\/Logo-1024x507.png 1024w, https:\/\/www.hdio.hr\/wp-content\/uploads\/2025\/06\/Logo-768x380.png 768w, https:\/\/www.hdio.hr\/wp-content\/uploads\/2025\/06\/Logo-1536x760.png 1536w, https:\/\/www.hdio.hr\/wp-content\/uploads\/2025\/06\/Logo.png 1721w\" sizes=\"auto, (max-width: 321px) 100vw, 321px\" \/><\/h3>\n<p>&nbsp;<\/p>\n<h3 style=\"text-align: center;\">ESF+ PROJECT \u201cSTEP for STEM\u201c<br \/>\n(SF.2.4.06.04.0125)<\/h3>\n<p>&nbsp;<\/p>\n<p>&nbsp;<\/p>\n<p><strong>The goal of the project:<\/strong><\/p>\n<p style=\"text-align: left;\">The goal of the &#8220;STEP for STEM&#8221; project is to strengthen the capacities of the Croatian Society of Geotechnical Engineers and four partner CSOs to implement activities to popularise STEM among children and youth.<\/p>\n<p><strong>\u00a0<\/strong><\/p>\n<p><strong>Purpose of the project:<\/strong><\/p>\n<p>The purpose of the &#8220;STEP for STEM&#8221; project is to strengthen the capacities of the Croatian Society of Geotechnical Engineers (HDIG) and partner associations (HDIO, OI &#8220;Vara\u017edin&#8221;, AMAC-GFV, and DGIT) to implement STEM promotion activities among primary school students. This will be achieved through a collaborative partnership between the associations and the Faculty of Geotechnical Engineering, IV. Primary School Vara\u017edin, and the primary schools in Klenovnik, Donja Vo\u0107a, and Maru\u0161evec. As a result of the strengthened capacities, volunteers and employees of the project partner CSOs will develop programs for six &#8220;Small STEM Schools&#8221; and implement them during the project in the STEM Center for Children and Youth in Vara\u017edin, through at least 90 cycles and with at least 900 students. In this way, educators will encourage and guide students toward a personal life and career path in the STEM field.<\/p>\n<p><strong>\u00a0<\/strong><\/p>\n<p><strong>Expected project results:<\/strong><\/p>\n<ul>\n<li><strong>5 Cooperation Programs between CSOs and educational institutions<\/strong> &#8211; partner schools and colleges &#8211; were implemented, to promote STEM among children and students<\/li>\n<li>Developed and implemented at least <strong>10 professional development programs<\/strong> by the Geotechnical Faculty, to develop the capacity of at least <strong>10 employees and volunteers of partner CSOs<\/strong><\/li>\n<li>Conducted at least <strong>10 programs of individual mentoring<\/strong> of employees and volunteers of CSOs by employees of the Faculty of Geotechnical Engineering<\/li>\n<li>Accomplished at least <strong>8 study visits<\/strong> to relevant institutions, organisations and associations with at least <strong>10 volunteers and employees of partner CSOs<\/strong><\/li>\n<li>Achieved participation in at least 2 scientific and professional conferences in the STEM field<\/li>\n<li>Created <strong>6 complete Small STEM School programs:<\/strong> environment (air, water and soil), astronomy, 3D modelling and Lego robotics<\/li>\n<li>Carried out activities of Small STEM Schools with at least <strong>900 primary school students<\/strong> (300 students per year) at the <a href=\"https:\/\/stem.gfv.hr\/\">STEM Center for Children and Youth<\/a> in Vara\u017edin<\/li>\n<li>At least <strong>120 workshops for primary school students<\/strong> were conducted in each year of project implementation, i.e., <strong>a total of 360 workshops during the project<\/strong><\/li>\n<li>Conducted at least <strong>36 STEM promotion activities in public places<\/strong> in Vara\u017edin, Maru\u0161evec, Klenovnik and Donja Vo\u0107a (12 in each year of project implementation)<\/li>\n<\/ul>\n<p>&nbsp;<\/p>\n<p><strong>HDIO will, taking into account the professional competencies of its members, organise the development of programs and the implementation of 3 Small STEM Schools for ages 1st &#8211; 3rd grade of elementary school, which will thematically cover the components of the environment: soil, water, and air, and will be held in the STEM Center. For the development and implementation of the aforementioned programs, HDIO will engage the necessary number of volunteers or hire the required number of small school workshop leaders.<\/strong><\/p>\n<p>&nbsp;<\/p>\n<p><strong>Total budget of the project: <\/strong>\u20ac295,869.01<\/p>\n<p>The project is co-financed by the state budget of the Republic of Croatia (15%) and the European Social Fund + (85%).<\/p>\n<p>&nbsp;<\/p>\n<p><strong>Project duration: <\/strong>12.03.2025.\u00a0 &#8211;\u00a0 12.03.2028.<\/p>\n<p>&nbsp;<\/p>\n<p><strong>Project beneficiary:<\/strong><\/p>\n<p><a href=\"https:\/\/www.uig.hr\/\" target=\"_blank\" rel=\"noopener noreferrer\">Hrvatsko dru\u0161tvo in\u017eenjera geotehnike (HDIG)<\/a><\/p>\n<p>&nbsp;<\/p>\n<p><strong>Project partners:<\/strong><\/p>\n<p><a href=\"https:\/\/www.hdio.hr\/\" target=\"_blank\" rel=\"noopener\">Hrvatsko dru\u0161tvo za in\u017eenjerstvo okoli\u0161a (HDIO)<\/a><\/p>\n<p><a href=\"https:\/\/www.scout-varazdin.hr\/\" target=\"_blank\" rel=\"noopener\">Odred izvi\u0111a\u010da &#8220;Vara\u017edin&#8221; (OI &#8220;Vara\u017edin&#8221;)<\/a><\/p>\n<p><a href=\"https:\/\/amac.gfv.hr\/\" target=\"_blank\" rel=\"noopener\">Udruga diplomanata Geotehni\u010dkog fakulteta Sveu\u010dili\u0161ta u Zagrebu (AMAC-GFV)<\/a><\/p>\n<p><a href=\"https:\/\/dgit.hr\/\" target=\"_blank\" rel=\"noopener\">Dru\u0161tvo gra\u0111evinskih in\u017eenjera i tehni\u010dara Vara\u017edin (DGIT)<\/a><\/p>\n<p><a href=\"https:\/\/www.gfv.unizg.hr\/\" target=\"_blank\" rel=\"noopener noreferrer\">Geotehni\u010dki fakultet Sveu\u010dili\u0161ta u Zagrebu, Vara\u017edin (GFV)<\/a><\/p>\n<p><a href=\"https:\/\/os-grofa-jdraskovica-klenovnik.skole.hr\/\" target=\"_blank\" rel=\"noopener\">Osnovna \u0161kola grofa Janka Dra\u0161kovi\u0107a Klenovnik<\/a><\/p>\n<p><a href=\"https:\/\/os-akmiosica-donja-voca.skole.hr\/\" target=\"_blank\" rel=\"noopener\">Osnovna \u0161kola Andrije Ka\u010di\u0107a Mio\u0161i\u0107a, Donja Vo\u0107a<\/a><\/p>\n<p><a href=\"https:\/\/os-gkrklec-calinec.skole.hr\/\" target=\"_blank\" rel=\"noopener\">Osnovna \u0161kola &#8220;Gustav Krklec&#8221; Maru\u0161evec<\/a><\/p>\n<p><a href=\"https:\/\/os-cetvrta-vz.skole.hr\/\" target=\"_blank\" rel=\"noopener\">IV. osnovna \u0161kola Vara\u017edin<\/a><\/p>\n<p>&nbsp;<\/p>\n<p><strong>Contact person for additional information: <\/strong>Nenad Petrovi\u0107, project manager<\/p>\n<p><strong>Telephone: <\/strong>+385 42 562 085<\/p>\n<p><strong>E-mail: <\/strong>projekti@uig.hr<\/p>\n<p>&nbsp;<\/p>\n<p>More details on\u00a0<a href=\"https:\/\/stepforstem.uig.hr\/\" target=\"_blank\" rel=\"noopener\">project website<\/a>.<\/p>\n<p>&nbsp;<\/p>\n<p>&nbsp;<\/p>\n<p><img loading=\"lazy\" decoding=\"async\" class=\"size-medium wp-image-1390 aligncenter\" src=\"https:\/\/www.hdio.hr\/wp-content\/uploads\/2025\/06\/Footer-770x127.png\" alt=\"\" width=\"770\" height=\"127\" srcset=\"https:\/\/www.hdio.hr\/wp-content\/uploads\/2025\/06\/Footer-770x127.png 770w, https:\/\/www.hdio.hr\/wp-content\/uploads\/2025\/06\/Footer-1024x169.png 1024w, https:\/\/www.hdio.hr\/wp-content\/uploads\/2025\/06\/Footer-768x127.png 768w, https:\/\/www.hdio.hr\/wp-content\/uploads\/2025\/06\/Footer-1536x254.png 1536w, https:\/\/www.hdio.hr\/wp-content\/uploads\/2025\/06\/Footer.png 1654w\" sizes=\"auto, (max-width: 770px) 100vw, 770px\" \/><\/p>\n<p style=\"margin: 0cm; margin-bottom: .0001pt; text-align: center; background: white;\" align=\"center\">\n","protected":false},"excerpt":{"rendered":"<p>&nbsp; ESF+ PROJECT \u201cSTEP for STEM\u201c (SF.2.4.06.04.0125) &nbsp; &nbsp; The goal of the project: The goal of the &#8220;STEP for STEM&#8221; project is to strengthen the capacities of the Croatian &#8230;<\/p>\n","protected":false},"author":5,"featured_media":0,"parent":0,"menu_order":0,"comment_status":"closed","ping_status":"closed","template":"","meta":{"_acf_changed":false,"footnotes":""},"class_list":["post-1233","page","type-page","status-publish","hentry"],"acf":[],"_links":{"self":[{"href":"https:\/\/www.hdio.hr\/en\/wp-json\/wp\/v2\/pages\/1233","targetHints":{"allow":["GET"]}}],"collection":[{"href":"https:\/\/www.hdio.hr\/en\/wp-json\/wp\/v2\/pages"}],"about":[{"href":"https:\/\/www.hdio.hr\/en\/wp-json\/wp\/v2\/types\/page"}],"author":[{"embeddable":true,"href":"https:\/\/www.hdio.hr\/en\/wp-json\/wp\/v2\/users\/5"}],"replies":[{"embeddable":true,"href":"https:\/\/www.hdio.hr\/en\/wp-json\/wp\/v2\/comments?post=1233"}],"version-history":[{"count":9,"href":"https:\/\/www.hdio.hr\/en\/wp-json\/wp\/v2\/pages\/1233\/revisions"}],"predecessor-version":[{"id":2127,"href":"https:\/\/www.hdio.hr\/en\/wp-json\/wp\/v2\/pages\/1233\/revisions\/2127"}],"wp:attachment":[{"href":"https:\/\/www.hdio.hr\/en\/wp-json\/wp\/v2\/media?parent=1233"}],"curies":[{"name":"wp","href":"https:\/\/api.w.org\/{rel}","templated":true}]}}